{"id":290,"date":"2021-03-24T20:13:45","date_gmt":"2021-03-24T20:13:45","guid":{"rendered":"https:\/\/economia.uaz.edu.mx\/?page_id=290"},"modified":"2026-03-23T15:59:58","modified_gmt":"2026-03-23T15:59:58","slug":"normatividad","status":"publish","type":"page","link":"https:\/\/economia.uaz.edu.mx\/?page_id=290","title":{"rendered":"Normatividad"},"content":{"rendered":"\t\t<div data-elementor-type=\"wp-page\" data-elementor-id=\"290\" class=\"elementor elementor-290\">\n\t\t\t\t\t\t\t\t\t<section class=\"elementor-section elementor-top-section elementor-element elementor-element-7f9bf0f elementor-section-boxed elementor-section-height-default elementor-section-height-default\" data-id=\"7f9bf0f\" data-element_type=\"section\">\n\t\t\t\t\t\t<div class=\"elementor-container elementor-column-gap-default\">\n\t\t\t\t\t<div class=\"elementor-column elementor-col-33 elementor-top-column elementor-element elementor-element-18aec08\" data-id=\"18aec08\" data-element_type=\"column\">\n\t\t\t<div class=\"elementor-widget-wrap elementor-element-populated\">\n\t\t\t\t\t\t\t\t<div class=\"elementor-element elementor-element-0d43957 elementor-widget elementor-widget-heading\" data-id=\"0d43957\" data-element_type=\"widget\" data-widget_type=\"heading.default\">\n\t\t\t\t<div class=\"elementor-widget-container\">\n\t\t\t<h2 class=\"elementor-heading-title elementor-size-default\">Leyes y Procedimientos<\/h2>\t\t<\/div>\n\t\t\t\t<\/div>\n\t\t\t\t<div class=\"elementor-element elementor-element-a3f4f76 elementor-widget elementor-widget-text-editor\" data-id=\"a3f4f76\" data-element_type=\"widget\" data-widget_type=\"text-editor.default\">\n\t\t\t\t<div class=\"elementor-widget-container\">\n\t\t\t\t\t\t\t<p><a href=\"http:\/\/economia.uaz.edu.mx\/wp-content\/uploads\/2021\/03\/Ley-Organica-de-la-UAZ-2.pdf\" target=\"_blank\" rel=\"noopener\">Ley Org\u00e1nica UAZ<\/a><br \/><a href=\"http:\/\/economia.uaz.edu.mx\/wp-content\/uploads\/2021\/03\/ESTAUTOS-UAZ-2.pdf\" target=\"_blank\" rel=\"noopener\">Estatutos Generales UAZ<\/a><br \/>PDI 2016-2020<br \/><a href=\"http:\/\/economia.uaz.edu.mx\/wp-content\/uploads\/2021\/03\/PDUA.-ECONOMIA-Final-2.pdf\" target=\"_blank\" rel=\"noopener\">PDUA Econom\u00eda<\/a><br \/><a href=\"http:\/\/economia.uaz.edu.mx\/wp-content\/uploads\/2021\/03\/POA-Economia.-Final.pdf\" target=\"_blank\" rel=\"noopener\">POA Econom\u00eda<\/a><br \/><a href=\"http:\/\/economia.uaz.edu.mx\/wp-content\/uploads\/2026\/03\/P-D-I-ECONOMIA-2021-2025.pdf\" target=\"_blank\" rel=\"noopener\">PDI Econom\u00eda 2021-2025<\/a><br \/><a href=\"http:\/\/economia.uaz.edu.mx\/wp-content\/uploads\/2026\/03\/POA-Economia-2022.pdf\" target=\"_blank\" rel=\"noopener\">POA Econom\u00eda 2022<\/a><br \/><a href=\"http:\/\/economia.uaz.edu.mx\/wp-content\/uploads\/2026\/03\/POA-Economia-2023.pdf\" target=\"_blank\" rel=\"noopener\">POA Econom\u00eda 2023<\/a><br \/><a href=\"http:\/\/economia.uaz.edu.mx\/wp-content\/uploads\/2026\/03\/POA-Economia-2024.pdf\" target=\"_blank\" rel=\"noopener\">POA Econom\u00eda 2024<\/a><br \/><a href=\"http:\/\/economia.uaz.edu.mx\/wp-content\/uploads\/2026\/03\/POA-Economia-2025.pdf\" target=\"_blank\" rel=\"noopener\">POA Econom\u00eda 2025<\/a><\/p>\t\t\t\t\t\t<\/div>\n\t\t\t\t<\/div>\n\t\t\t\t\t<\/div>\n\t\t<\/div>\n\t\t\t\t<div class=\"elementor-column elementor-col-33 elementor-top-column elementor-element elementor-element-ab98a19\" data-id=\"ab98a19\" data-element_type=\"column\">\n\t\t\t<div class=\"elementor-widget-wrap elementor-element-populated\">\n\t\t\t\t\t\t\t\t<div class=\"elementor-element elementor-element-7d6153b elementor-widget elementor-widget-heading\" data-id=\"7d6153b\" data-element_type=\"widget\" data-widget_type=\"heading.default\">\n\t\t\t\t<div class=\"elementor-widget-container\">\n\t\t\t<h2 class=\"elementor-heading-title elementor-size-default\">Reglamentos<\/h2>\t\t<\/div>\n\t\t\t\t<\/div>\n\t\t\t\t<div class=\"elementor-element elementor-element-679632a elementor-widget elementor-widget-text-editor\" data-id=\"679632a\" data-element_type=\"widget\" data-widget_type=\"text-editor.default\">\n\t\t\t\t<div class=\"elementor-widget-container\">\n\t\t\t\t\t\t\t<p><a href=\"http:\/\/economia.uaz.edu.mx\/wp-content\/uploads\/2021\/03\/REGLAMENTO_ESCOLAR_GENERAL.pdf\" target=\"_blank\" rel=\"noopener\">Reglamento Gral. Escolar<\/a><br \/><a href=\"http:\/\/economia.uaz.edu.mx\/wp-content\/uploads\/2021\/03\/reglamentoacademico-UAZ.pdf\" target=\"_blank\" rel=\"noopener\">Reglamento Acad\u00e9mico<\/a><br \/><a href=\"http:\/\/economia.uaz.edu.mx\/wp-content\/uploads\/2021\/03\/Regalmento-Interno-del-H.-Tribunal-Universitario-UAZ.pdf\" target=\"_blank\" rel=\"noopener\">Reglamento Tribunal Universitario<\/a><br \/><a href=\"http:\/\/economia.uaz.edu.mx\/wp-content\/uploads\/2021\/03\/Reglamento-General-Elecciones-UAZ.pdf\" target=\"_blank\" rel=\"noopener\">Reglamento Elecciones U.A.Z.<\/a><br \/><a href=\"http:\/\/economia.uaz.edu.mx\/wp-content\/uploads\/2021\/03\/R.Gnrl-del-Serv.Social.pdf\" target=\"_blank\" rel=\"noopener\">Reglamento Gral. Serv. Social<\/a><br \/><a href=\"http:\/\/economia.uaz.edu.mx\/wp-content\/uploads\/2021\/03\/REGLAMENTO_GENERAL_CENTROS_COMPUTO.pdf\" target=\"_blank\" rel=\"noopener\">Reglamento de Centros de C\u00f3mputo<\/a><br \/><a href=\"http:\/\/economia.uaz.edu.mx\/wp-content\/uploads\/2021\/03\/Reglamento-Movilidad-Estudiantil-de-la-UAZ.pdf\" target=\"_blank\" rel=\"noopener\">Reglamento de Movilidad<\/a><br \/><a href=\"http:\/\/economia.uaz.edu.mx\/wp-content\/uploads\/2021\/03\/REGLAMENTO-INTERNO-UAE-ENERO-2020.pdf\" target=\"_blank\" rel=\"noopener\">Reglamento Interno Econom\u00eda<\/a><br \/><a href=\"http:\/\/economia.uaz.edu.mx\/wp-content\/uploads\/2021\/03\/REGLAMENTO-ACADEMIAS-APROBADO2018.pdf\" target=\"_blank\" rel=\"noopener\">Reglamento Interior de Academias<\/a><br \/><a href=\"http:\/\/economia.uaz.edu.mx\/wp-content\/uploads\/2021\/03\/reglamento-Centro-de-Computo-UA-Economia.pdf\" target=\"_blank\" rel=\"noopener\">Reglamento Centro de C\u00f3mputo U.A. Econom\u00ed<\/a>a<br \/><a href=\"http:\/\/economia.uaz.edu.mx\/wp-content\/uploads\/2021\/03\/REG.-MODULO-INEGI-2.pdf\" target=\"_blank\" rel=\"noopener\">Reglamento M\u00f3dulo de INEGI de la U.A. de Econom\u00eda<\/a><br \/><a href=\"http:\/\/economia.uaz.edu.mx\/wp-content\/uploads\/2021\/03\/REGLAMENTO-DE-USO-DEL-LABORATORIO-DE-ECONOMETRIA-1.pdf\" target=\"_blank\" rel=\"noopener\">Reglamento de uso de Laboratorio de Econometr\u00eda<\/a><br \/><a href=\"http:\/\/economia.uaz.edu.mx\/wp-content\/uploads\/2021\/03\/REG.MENTORIASUAE.pdf\" target=\"_blank\" rel=\"noopener\">Reglamento de Mentor\u00edas<\/a><br \/><a href=\"http:\/\/economia.uaz.edu.mx\/wp-content\/uploads\/2021\/03\/REGLAMENTO-BIBLIOTECA-economia.pdf\" target=\"_blank\" rel=\"noopener\">Reglamento Biblioteca &#8220;Paul A. Bar\u00e1n&#8221;<\/a><\/p><p><a href=\"http:\/\/economia.uaz.edu.mx\/wp-content\/uploads\/2021\/10\/REGLAMENTO-DE-TITULACION-DEL-PE.pdf\" target=\"_blank\" rel=\"noopener\">Reglamento de titulaci\u00f3n<\/a><br \/><a href=\"http:\/\/economia.uaz.edu.mx\/wp-content\/uploads\/2026\/03\/Reglamento-PP-Economia-UAZ-2022.pdf\" target=\"_blank\" rel=\"noopener\">Reglamento de Pr\u00e1cticas Profesionales 2022<\/a><br \/><a href=\"http:\/\/economia.uaz.edu.mx\/wp-content\/uploads\/2026\/03\/Reglamento-de-Viajes-practicas-REGLA-1.pdf\" target=\"_blank\" rel=\"noopener\">Reglamento de Viajes practicas<\/a><\/p>\t\t\t\t\t\t<\/div>\n\t\t\t\t<\/div>\n\t\t\t\t\t<\/div>\n\t\t<\/div>\n\t\t\t\t<div class=\"elementor-column elementor-col-33 elementor-top-column elementor-element elementor-element-1d74c35\" data-id=\"1d74c35\" data-element_type=\"column\">\n\t\t\t<div class=\"elementor-widget-wrap elementor-element-populated\">\n\t\t\t\t\t\t\t\t<div class=\"elementor-element elementor-element-649379e elementor-widget elementor-widget-heading\" data-id=\"649379e\" data-element_type=\"widget\" data-widget_type=\"heading.default\">\n\t\t\t\t<div class=\"elementor-widget-container\">\n\t\t\t<h2 class=\"elementor-heading-title elementor-size-large\">Protocolos<\/h2>\t\t<\/div>\n\t\t\t\t<\/div>\n\t\t\t\t<div class=\"elementor-element elementor-element-2139b92 elementor-widget elementor-widget-text-editor\" data-id=\"2139b92\" data-element_type=\"widget\" data-widget_type=\"text-editor.default\">\n\t\t\t\t<div class=\"elementor-widget-container\">\n\t\t\t\t\t\t\t<p><a href=\"http:\/\/economia.uaz.edu.mx\/wp-content\/uploads\/2026\/03\/Protocolo-para-la-prevencion-violencia-sexual-UAZ-2025.pdf\" target=\"_blank\" rel=\"noopener\">Protocolo para la prevenci\u00f3n violencia sexual UAZ 2025<\/a><\/p>\t\t\t\t\t\t<\/div>\n\t\t\t\t<\/div>\n\t\t\t\t\t<\/div>\n\t\t<\/div>\n\t\t\t\t\t\t\t<\/div>\n\t\t<\/section>\n\t\t\t\t<section class=\"elementor-section elementor-top-section elementor-element elementor-element-71bed2c elementor-section-boxed elementor-section-height-default elementor-section-height-default\" data-id=\"71bed2c\" data-element_type=\"section\">\n\t\t\t\t\t\t<div class=\"elementor-container elementor-column-gap-default\">\n\t\t\t\t\t<div class=\"elementor-column elementor-col-100 elementor-top-column elementor-element elementor-element-c849b45\" data-id=\"c849b45\" data-element_type=\"column\">\n\t\t\t<div class=\"elementor-widget-wrap elementor-element-populated\">\n\t\t\t\t\t\t\t\t<div class=\"elementor-element elementor-element-046eed7 elementor-widget elementor-widget-heading\" data-id=\"046eed7\" data-element_type=\"widget\" data-widget_type=\"heading.default\">\n\t\t\t\t<div class=\"elementor-widget-container\">\n\t\t\t<h2 class=\"elementor-heading-title elementor-size-default\">Contratos Colectivos\nSPAUAZ y STUAZ<\/h2>\t\t<\/div>\n\t\t\t\t<\/div>\n\t\t\t\t<div class=\"elementor-element elementor-element-f4b71a7 elementor-widget elementor-widget-text-editor\" data-id=\"f4b71a7\" data-element_type=\"widget\" data-widget_type=\"text-editor.default\">\n\t\t\t\t<div class=\"elementor-widget-container\">\n\t\t\t\t\t\t\t<p><a href=\"https:\/\/drive.google.com\/file\/d\/1O30ZX4o2nB9fHK0c8mG-EO8kcExHIcRj\/view?usp=sharing\">Contrato colectivo SPAUAZ 2015-2016<\/a><br \/><a href=\"https:\/\/drive.google.com\/file\/d\/1ERh8_in88Ig7Wl10FYijOwtPFQ3GomO_\/view?usp=sharing\">Contrato colectivo STUAZ 2015-2016<\/a><\/p>\t\t\t\t\t\t<\/div>\n\t\t\t\t<\/div>\n\t\t\t\t\t<\/div>\n\t\t<\/div>\n\t\t\t\t\t\t\t<\/div>\n\t\t<\/section>\n\t\t\t\t\t\t\t<\/div>\n\t\t","protected":false},"excerpt":{"rendered":"<p>Leyes y Procedimientos Ley Org\u00e1nica UAZEstatutos Generales UAZPDI 2016-2020PDUA Econom\u00edaPOA Econom\u00edaPDI Econom\u00eda 2021-2025POA Econom\u00eda 2022POA Econom\u00eda 2023POA Econom\u00eda 2024POA Econom\u00eda 2025 Reglamentos Reglamento Gral. EscolarReglamento Acad\u00e9micoReglamento Tribunal UniversitarioReglamento Elecciones U.A.Z.Reglamento Gral. Serv. SocialReglamento de Centros de C\u00f3mputoReglamento de MovilidadReglamento Interno Econom\u00edaReglamento Interior de AcademiasReglamento Centro de C\u00f3mputo U.A. Econom\u00edaReglamento M\u00f3dulo de INEGI de la U.A. &hellip;<\/p>\n<p class=\"read-more\"> <a class=\"\" href=\"https:\/\/economia.uaz.edu.mx\/?page_id=290\"> <span class=\"screen-reader-text\">Normatividad<\/span> Leer m\u00e1s &raquo;<\/a><\/p>\n","protected":false},"author":2,"featured_media":0,"parent":0,"menu_order":0,"comment_status":"closed","ping_status":"closed","template":"","meta":{"site-sidebar-layout":"no-sidebar","site-content-layout":"page-builder","ast-site-content-layout":"","site-content-style":"default","site-sidebar-style":"default","ast-global-header-display":"","ast-banner-title-visibility":"","ast-main-header-display":"","ast-hfb-above-header-display":"","ast-hfb-below-header-display":"","ast-hfb-mobile-header-display":"","site-post-title":"disabled","ast-breadcrumbs-content":"","ast-featured-img":"disabled","footer-sml-layout":"","theme-transparent-header-meta":"default","adv-header-id-meta":"","stick-header-meta":"","header-above-stick-meta":"","header-main-stick-meta":"","header-below-stick-meta":"","astra-migrate-meta-layouts":"","footnotes":""},"class_list":["post-290","page","type-page","status-publish","hentry"],"_links":{"self":[{"href":"https:\/\/economia.uaz.edu.mx\/index.php?rest_route=\/wp\/v2\/pages\/290","targetHints":{"allow":["GET"]}}],"collection":[{"href":"https:\/\/economia.uaz.edu.mx\/index.php?rest_route=\/wp\/v2\/pages"}],"about":[{"href":"https:\/\/economia.uaz.edu.mx\/index.php?rest_route=\/wp\/v2\/types\/page"}],"author":[{"embeddable":true,"href":"https:\/\/economia.uaz.edu.mx\/index.php?rest_route=\/wp\/v2\/users\/2"}],"replies":[{"embeddable":true,"href":"https:\/\/economia.uaz.edu.mx\/index.php?rest_route=%2Fwp%2Fv2%2Fcomments&post=290"}],"version-history":[{"count":58,"href":"https:\/\/economia.uaz.edu.mx\/index.php?rest_route=\/wp\/v2\/pages\/290\/revisions"}],"predecessor-version":[{"id":1704,"href":"https:\/\/economia.uaz.edu.mx\/index.php?rest_route=\/wp\/v2\/pages\/290\/revisions\/1704"}],"wp:attachment":[{"href":"https:\/\/economia.uaz.edu.mx\/index.php?rest_route=%2Fwp%2Fv2%2Fmedia&parent=290"}],"curies":[{"name":"wp","href":"https:\/\/api.w.org\/{rel}","templated":true}]}}